{"id":8,"date":"2022-10-29T12:24:09","date_gmt":"2022-10-29T12:24:09","guid":{"rendered":"http:\/\/selma-kruppschke.de\/?page_id=8"},"modified":"2022-10-29T13:05:45","modified_gmt":"2022-10-29T13:05:45","slug":"8-2","status":"publish","type":"page","link":"http:\/\/selma-kruppschke.de\/home\/","title":{"rendered":""},"content":{"rendered":"\n<p>Sie&nbsp;kennen&nbsp;Selma wahrscheinlich aus den Medien und unter Umst\u00e4nden haben Sie&nbsp;auch ihr Buch \u201cBier w\u00e4chst doch in der Flasche\u201d gelesen (&nbsp;<a rel=\"noreferrer noopener\" href=\"http:\/\/www.buecher.de\/shop\/prostitution\/bier-waechst-doch-in-der-flasche\/kruppschke-selma\/products_products\/detail\/prod_id\/36333222\" target=\"_blank\">\u00bb HIER DETAILS ZUM BUCH<\/a>&nbsp;).&nbsp;<br>Selma\u2019s Weg hat sie neben ihrem Erfolg als Friseurmeisterin, B\u00fcrgermeisterkandidatin und K\u00fcnstlerin auf einige harte Proben gestellt. Sie ist \u00fcber Hindernisse gestolpert und hat Niederlagen einstecken m\u00fcssen, doch das Entscheidende ist, dass sie immer wieder aufgestanden ist, um die gemachten Erfahrungen f\u00fcr sich positiv zu nutzen.<\/p>\n\n\n\n<p>Diese Erfahrungswerte sowie&nbsp;ihre Positivit\u00e4t m\u00f6chte Sie nun mit Ihnen ganz nach dem Motto &#8222;Alles Potential kommt von innen!&#8220; teilen.<\/p>\n","protected":false},"excerpt":{"rendered":"<p>Sie&nbsp;kennen&nbsp;Selma wahrscheinlich aus den Medien und unter Umst\u00e4nden haben Sie&nbsp;auch<span class=\"more-button\"><a href=\"http:\/\/selma-kruppschke.de\/home\/\" class=\"more-link\">Continue reading<span class=\"screen-reader-text\"><\/span><\/a><\/span><\/p>\n","protected":false},"author":1,"featured_media":0,"parent":0,"menu_order":0,"comment_status":"closed","ping_status":"closed","template":"","meta":{"_vp_format_video_url":"","_vp_image_focal_point":[],"footnotes":""},"class_list":["post-8","page","type-page","status-publish","hentry"],"_links":{"self":[{"href":"http:\/\/selma-kruppschke.de\/home\/wp-json\/wp\/v2\/pages\/8","targetHints":{"allow":["GET"]}}],"collection":[{"href":"http:\/\/selma-kruppschke.de\/home\/wp-json\/wp\/v2\/pages"}],"about":[{"href":"http:\/\/selma-kruppschke.de\/home\/wp-json\/wp\/v2\/types\/page"}],"author":[{"embeddable":true,"href":"http:\/\/selma-kruppschke.de\/home\/wp-json\/wp\/v2\/users\/1"}],"replies":[{"embeddable":true,"href":"http:\/\/selma-kruppschke.de\/home\/wp-json\/wp\/v2\/comments?post=8"}],"version-history":[{"count":1,"href":"http:\/\/selma-kruppschke.de\/home\/wp-json\/wp\/v2\/pages\/8\/revisions"}],"predecessor-version":[{"id":9,"href":"http:\/\/selma-kruppschke.de\/home\/wp-json\/wp\/v2\/pages\/8\/revisions\/9"}],"wp:attachment":[{"href":"http:\/\/selma-kruppschke.de\/home\/wp-json\/wp\/v2\/media?parent=8"}],"curies":[{"name":"wp","href":"https:\/\/api.w.org\/{rel}","templated":true}]}}