{"id":183,"date":"2023-01-04T18:19:06","date_gmt":"2023-01-04T18:19:06","guid":{"rendered":"http:\/\/selma-kruppschke.de\/home\/?page_id=183"},"modified":"2023-01-04T18:19:07","modified_gmt":"2023-01-04T18:19:07","slug":"buch-bier-waechst-doch-in-der-flasche","status":"publish","type":"page","link":"http:\/\/selma-kruppschke.de\/home\/buch-bier-waechst-doch-in-der-flasche","title":{"rendered":"Buch &#8211; Bier w\u00e4chst doch in der Flasche"},"content":{"rendered":"\n<figure class=\"wp-block-pullquote\"><blockquote><p>In der Autobiographie erz\u00e4hlt Selma \u00fcber ihre Anf\u00e4nge als Friseur, ihr Leben zwischen Justiz und Obdachlosigkeit, Courage und den Glauben an sich selbst. Ohne vorgehaltene Hand, mit Witz und in erschreckender Ehrlichkeit und Offenheit schreibt Selma auch \u00fcber ihre Zeit als Stricher und zeigt dem Leser eine Welt, die er vermutlich so nie erfahren w\u00fcrde. Die dunklen Seiten in ihrem Leben haben Selma gepr\u00e4gt und sie hat daraus gelernt. Deshalb glaubt sie heute nicht mehr alles, was man ihr sagt, auch nicht, dass Bier in der Flasche w\u00e4chst &#8230; Selma ist ein Mensch, der eine wundersame Wandlung durchlebt hat und sie wei\u00df heute, wie wertvoll echte und ehrliche Freunde sind. Ihre Meinung: Ein Mensch ist deshalb nicht schlecht, nur weil er in der Vergangenheit von Lehrern und Vorgesetzten subjektiv und ungerecht bewertet wurde. Seien Sie mutig und lesen Sie dieses Buch.<\/p><\/blockquote><\/figure>\n\n\n\n<div class=\"wp-block-buttons is-content-justification-center is-layout-flex wp-container-core-buttons-is-layout-16018d1d wp-block-buttons-is-layout-flex\">\n<div class=\"wp-block-button\"><a class=\"wp-block-button__link wp-element-button\" href=\"https:\/\/www.amazon.de\/Bier-w\u00e4chst-doch-Flasche-Diesen\/dp\/3938295678\" target=\"_blank\" rel=\"noreferrer noopener\">zum Buch auf amazon.de<\/a><\/div>\n<\/div>\n\n\n\n<p><\/p>\n","protected":false},"excerpt":{"rendered":"<p>In der Autobiographie erz\u00e4hlt Selma \u00fcber ihre Anf\u00e4nge als Friseur,<span class=\"more-button\"><a href=\"http:\/\/selma-kruppschke.de\/home\/buch-bier-waechst-doch-in-der-flasche\" class=\"more-link\">Continue reading<span class=\"screen-reader-text\">Buch &#8211; Bier w\u00e4chst doch in der Flasche<\/span><\/a><\/span><\/p>\n","protected":false},"author":1,"featured_media":0,"parent":0,"menu_order":0,"comment_status":"closed","ping_status":"closed","template":"","meta":{"_vp_format_video_url":"","_vp_image_focal_point":[],"footnotes":""},"class_list":["post-183","page","type-page","status-publish","hentry"],"_links":{"self":[{"href":"http:\/\/selma-kruppschke.de\/home\/wp-json\/wp\/v2\/pages\/183","targetHints":{"allow":["GET"]}}],"collection":[{"href":"http:\/\/selma-kruppschke.de\/home\/wp-json\/wp\/v2\/pages"}],"about":[{"href":"http:\/\/selma-kruppschke.de\/home\/wp-json\/wp\/v2\/types\/page"}],"author":[{"embeddable":true,"href":"http:\/\/selma-kruppschke.de\/home\/wp-json\/wp\/v2\/users\/1"}],"replies":[{"embeddable":true,"href":"http:\/\/selma-kruppschke.de\/home\/wp-json\/wp\/v2\/comments?post=183"}],"version-history":[{"count":1,"href":"http:\/\/selma-kruppschke.de\/home\/wp-json\/wp\/v2\/pages\/183\/revisions"}],"predecessor-version":[{"id":184,"href":"http:\/\/selma-kruppschke.de\/home\/wp-json\/wp\/v2\/pages\/183\/revisions\/184"}],"wp:attachment":[{"href":"http:\/\/selma-kruppschke.de\/home\/wp-json\/wp\/v2\/media?parent=183"}],"curies":[{"name":"wp","href":"https:\/\/api.w.org\/{rel}","templated":true}]}}