{"id":15,"date":"2022-10-29T12:32:41","date_gmt":"2022-10-29T12:32:41","guid":{"rendered":"http:\/\/selma-kruppschke.de\/?page_id=15"},"modified":"2023-01-04T18:22:38","modified_gmt":"2023-01-04T18:22:38","slug":"coaching","status":"publish","type":"page","link":"http:\/\/selma-kruppschke.de\/home\/coaching","title":{"rendered":"Coaching"},"content":{"rendered":"\n<figure class=\"wp-block-table alignwide is-style-regular\"><table><tbody><tr><td>Coaching macht Sinn, wenn Sie sich weiterentwickeln, etwas ver\u00e4ndern oder verbessern wollen; sei es in Ihrem Beruf, in Ihrem Alltag, in Ihrer Beziehung zu anderen Menschen, in Ihrem Verhalten. Ein Coaching er\u00f6ffnet neue Sichtweisen, zeigt neue Handlungsm\u00f6glichkeiten und damit auch L\u00f6sungen.<br>Durch ein Coaching werden Ihnen Ihre St\u00e4rken und F\u00e4higkeiten bewusster. Sie gewinnen vielf\u00e4ltige M\u00f6glichkeiten und gestalten Ihr Leben selbstbestimmt.<br>Sie erschliessen neue Ressourcen und sehen das Potential f\u00fcr Weiterentwicklung, f\u00fcr erfolgreiche Verhaltensweisen und ungenutzte M\u00f6glichkeiten. Erfolg, Gl\u00fcck und Wohlbefinden sind die logische Folge.<\/td><td>Einzelcoaching<br>In Einzelcoachings hilft Ihnen Selma Kruppschke Schritt f\u00fcr Schritt<br>\u2013 das Wahre zu erkennen,<br>\u2013 Klarheit zu finden und<br>\u2013 Neues zu wagen. Folge dem Ruf deines Herzens und lass Deine Tr\u00e4ume Wirklichkeit werden!<br>&nbsp;<br><strong>Folge dem Ruf Deines Herzens und lass Deine Tr\u00e4ume Wirklichkeit werden!<\/strong><br>Manche Menschen wollen alles Gl\u00fcck der Erde, wollen sich aber nicht \u00e4ndern.<br>Wenn man einsieht, dass man keine anderen Menschen, mit denen man zu tun hat, \u00e4ndern kann.<br>Wenn man einsieht, dass man nur sich \u00e4ndern kann, damit sich etwas \u00e4ndert.<br>Ich setze meine Erfahrungen ein, um Ihre positiven Potentiale und ihre F\u00e4higkeiten zu Autonomie und Selbstf\u00fcrsorge zu starten.<\/td><\/tr><\/tbody><\/table><figcaption class=\"wp-element-caption\">Ich setze meine Erfahrung ein, um Ihre positiven Potenziale und Ihre F\u00e4higkeit zu Autonomie und Selbstf\u00fcrsorge zu st\u00e4rken.<\/figcaption><\/figure>\n","protected":false},"excerpt":{"rendered":"<p>Coaching macht Sinn, wenn Sie sich weiterentwickeln, etwas ver\u00e4ndern oder<span class=\"more-button\"><a href=\"http:\/\/selma-kruppschke.de\/home\/coaching\" class=\"more-link\">Continue reading<span class=\"screen-reader-text\">Coaching<\/span><\/a><\/span><\/p>\n","protected":false},"author":1,"featured_media":0,"parent":0,"menu_order":0,"comment_status":"closed","ping_status":"closed","template":"","meta":{"_vp_format_video_url":"","_vp_image_focal_point":[],"footnotes":""},"class_list":["post-15","page","type-page","status-publish","hentry"],"_links":{"self":[{"href":"http:\/\/selma-kruppschke.de\/home\/wp-json\/wp\/v2\/pages\/15","targetHints":{"allow":["GET"]}}],"collection":[{"href":"http:\/\/selma-kruppschke.de\/home\/wp-json\/wp\/v2\/pages"}],"about":[{"href":"http:\/\/selma-kruppschke.de\/home\/wp-json\/wp\/v2\/types\/page"}],"author":[{"embeddable":true,"href":"http:\/\/selma-kruppschke.de\/home\/wp-json\/wp\/v2\/users\/1"}],"replies":[{"embeddable":true,"href":"http:\/\/selma-kruppschke.de\/home\/wp-json\/wp\/v2\/comments?post=15"}],"version-history":[{"count":4,"href":"http:\/\/selma-kruppschke.de\/home\/wp-json\/wp\/v2\/pages\/15\/revisions"}],"predecessor-version":[{"id":192,"href":"http:\/\/selma-kruppschke.de\/home\/wp-json\/wp\/v2\/pages\/15\/revisions\/192"}],"wp:attachment":[{"href":"http:\/\/selma-kruppschke.de\/home\/wp-json\/wp\/v2\/media?parent=15"}],"curies":[{"name":"wp","href":"https:\/\/api.w.org\/{rel}","templated":true}]}}